{"id":75,"date":"2016-04-29T08:51:07","date_gmt":"2016-04-29T07:51:07","guid":{"rendered":"http:\/\/cerclehg.be\/?page_id=75"},"modified":"2023-01-13T10:16:32","modified_gmt":"2023-01-13T09:16:32","slug":"accueil","status":"publish","type":"page","link":"https:\/\/cerclehg.be\/","title":{"rendered":""},"content":{"rendered":"<p>[vc_row][vc_column][vc_single_image image=\u00a0\u00bb1024&Prime; img_size=\u00a0\u00bbfull\u00a0\u00bb alignment=\u00a0\u00bbcenter\u00a0\u00bb][vc_column_text css_animation=\u00a0\u00bbleft-to-right\u00a0\u00bb]<\/p>\n<blockquote><p>\u00ab\u00a0Un fil d&rsquo;Ariane pour tisser du lien, pour filer la toile des habitats group\u00e9s, pour d\u00e9m\u00ealer l&rsquo;\u00e9cheveau des bonnes id\u00e9es, pour tendre vers de nouveaux points de vues, pour p\u00eacher les petits trucs, pour funambuler au-dessus de la m\u00eal\u00e9e&#8230;\u00a0\u00bb<\/p><\/blockquote>\n<p>[\/vc_column_text][vc_row_inner][vc_column_inner][vc_single_image image=\u00a0\u00bb550&Prime; img_size=\u00a0\u00bb350&#215;350&Prime; alignment=\u00a0\u00bbcenter\u00a0\u00bb style=\u00a0\u00bbvc_box_circle_2&Prime; css_animation=\u00a0\u00bbappear\u00a0\u00bb][\/vc_column_inner][\/vc_row_inner][\/vc_column][\/vc_row][vc_row][vc_column][vc_single_image image=\u00a0\u00bb1026&Prime; img_size=\u00a0\u00bbfull\u00a0\u00bb][\/vc_column][\/vc_row]<\/p>\n","protected":false},"excerpt":{"rendered":"<p>[vc_row][vc_column][vc_single_image image=\u00a0\u00bb1024&Prime; img_size=\u00a0\u00bbfull\u00a0\u00bb alignment=\u00a0\u00bbcenter\u00a0\u00bb][vc_column_text css_animation=\u00a0\u00bbleft-to-right\u00a0\u00bb] \u00ab\u00a0Un fil d&rsquo;Ariane pour tisser du lien, pour filer la toile des habitats group\u00e9s, pour d\u00e9m\u00ealer l&rsquo;\u00e9cheveau des bonnes id\u00e9es, pour tendre vers de nouveaux points de vues, pour p\u00eacher les petits trucs, pour funambuler au-dessus de la m\u00eal\u00e9e&#8230;\u00a0\u00bb [\/vc_column_text][vc_row_inner][vc_column_inner][vc_single_image image=\u00a0\u00bb550&Prime; img_size=\u00a0\u00bb350&#215;350&Prime; alignment=\u00a0\u00bbcenter\u00a0\u00bb style=\u00a0\u00bbvc_box_circle_2&Prime; css_animation=\u00a0\u00bbappear\u00a0\u00bb][\/vc_column_inner][\/vc_row_inner][\/vc_column][\/vc_row][vc_row][vc_column][vc_single_image image=\u00a0\u00bb1026&Prime; img_size=\u00a0\u00bbfull\u00a0\u00bb][\/vc_column][\/vc_row]<\/p>\n","protected":false},"author":7,"featured_media":0,"parent":0,"menu_order":0,"comment_status":"closed","ping_status":"closed","template":"","meta":[],"categories":[],"tags":[],"calendar":[],"organizer":[],"venue":[],"_links":{"self":[{"href":"https:\/\/cerclehg.be\/index.php?rest_route=\/wp\/v2\/pages\/75"}],"collection":[{"href":"https:\/\/cerclehg.be\/index.php?rest_route=\/wp\/v2\/pages"}],"about":[{"href":"https:\/\/cerclehg.be\/index.php?rest_route=\/wp\/v2\/types\/page"}],"author":[{"embeddable":true,"href":"https:\/\/cerclehg.be\/index.php?rest_route=\/wp\/v2\/users\/7"}],"replies":[{"embeddable":true,"href":"https:\/\/cerclehg.be\/index.php?rest_route=%2Fwp%2Fv2%2Fcomments&post=75"}],"version-history":[{"count":48,"href":"https:\/\/cerclehg.be\/index.php?rest_route=\/wp\/v2\/pages\/75\/revisions"}],"predecessor-version":[{"id":1027,"href":"https:\/\/cerclehg.be\/index.php?rest_route=\/wp\/v2\/pages\/75\/revisions\/1027"}],"wp:attachment":[{"href":"https:\/\/cerclehg.be\/index.php?rest_route=%2Fwp%2Fv2%2Fmedia&parent=75"}],"wp:term":[{"taxonomy":"category","embeddable":true,"href":"https:\/\/cerclehg.be\/index.php?rest_route=%2Fwp%2Fv2%2Fcategories&post=75"},{"taxonomy":"post_tag","embeddable":true,"href":"https:\/\/cerclehg.be\/index.php?rest_route=%2Fwp%2Fv2%2Ftags&post=75"},{"taxonomy":"calendar","embeddable":true,"href":"https:\/\/cerclehg.be\/index.php?rest_route=%2Fwp%2Fv2%2Fcalendar&post=75"},{"taxonomy":"organizer","embeddable":true,"href":"https:\/\/cerclehg.be\/index.php?rest_route=%2Fwp%2Fv2%2Forganizer&post=75"},{"taxonomy":"venue","embeddable":true,"href":"https:\/\/cerclehg.be\/index.php?rest_route=%2Fwp%2Fv2%2Fvenue&post=75"}],"curies":[{"name":"wp","href":"https:\/\/api.w.org\/{rel}","templated":true}]}}