{"id":248,"date":"2016-05-31T22:59:06","date_gmt":"2016-05-31T20:59:06","guid":{"rendered":"http:\/\/cerclehg.be\/?page_id=248"},"modified":"2016-09-13T12:09:09","modified_gmt":"2016-09-13T10:09:09","slug":"boite-a-idees","status":"publish","type":"page","link":"http:\/\/cerclehg.be\/?page_id=248","title":{"rendered":"Bo\u00eete \u00e0 id\u00e9es"},"content":{"rendered":"<blockquote>\n<p style=\"text-align: center;\">Choisissez un th\u00e8me dans la Bo\u00eete \u00e0 Id\u00e9es!<\/p>\n<\/blockquote>\n","protected":false},"excerpt":{"rendered":"<p>Choisissez un th\u00e8me dans la Bo\u00eete \u00e0 Id\u00e9es!<\/p>\n","protected":false},"author":2,"featured_media":0,"parent":0,"menu_order":0,"comment_status":"closed","ping_status":"closed","template":"","meta":[],"categories":[],"tags":[],"calendar":[],"organizer":[],"venue":[],"_links":{"self":[{"href":"http:\/\/cerclehg.be\/index.php?rest_route=\/wp\/v2\/pages\/248"}],"collection":[{"href":"http:\/\/cerclehg.be\/index.php?rest_route=\/wp\/v2\/pages"}],"about":[{"href":"http:\/\/cerclehg.be\/index.php?rest_route=\/wp\/v2\/types\/page"}],"author":[{"embeddable":true,"href":"http:\/\/cerclehg.be\/index.php?rest_route=\/wp\/v2\/users\/2"}],"replies":[{"embeddable":true,"href":"http:\/\/cerclehg.be\/index.php?rest_route=%2Fwp%2Fv2%2Fcomments&post=248"}],"version-history":[{"count":2,"href":"http:\/\/cerclehg.be\/index.php?rest_route=\/wp\/v2\/pages\/248\/revisions"}],"predecessor-version":[{"id":675,"href":"http:\/\/cerclehg.be\/index.php?rest_route=\/wp\/v2\/pages\/248\/revisions\/675"}],"wp:attachment":[{"href":"http:\/\/cerclehg.be\/index.php?rest_route=%2Fwp%2Fv2%2Fmedia&parent=248"}],"wp:term":[{"taxonomy":"category","embeddable":true,"href":"http:\/\/cerclehg.be\/index.php?rest_route=%2Fwp%2Fv2%2Fcategories&post=248"},{"taxonomy":"post_tag","embeddable":true,"href":"http:\/\/cerclehg.be\/index.php?rest_route=%2Fwp%2Fv2%2Ftags&post=248"},{"taxonomy":"calendar","embeddable":true,"href":"http:\/\/cerclehg.be\/index.php?rest_route=%2Fwp%2Fv2%2Fcalendar&post=248"},{"taxonomy":"organizer","embeddable":true,"href":"http:\/\/cerclehg.be\/index.php?rest_route=%2Fwp%2Fv2%2Forganizer&post=248"},{"taxonomy":"venue","embeddable":true,"href":"http:\/\/cerclehg.be\/index.php?rest_route=%2Fwp%2Fv2%2Fvenue&post=248"}],"curies":[{"name":"wp","href":"https:\/\/api.w.org\/{rel}","templated":true}]}}